{"id":11,"date":"2023-09-11T14:58:39","date_gmt":"2023-09-11T14:58:39","guid":{"rendered":"https:\/\/cipte.co\/vrdaycol\/?page_id=11"},"modified":"2025-09-18T20:30:23","modified_gmt":"2025-09-18T20:30:23","slug":"inscripciones","status":"publish","type":"page","link":"https:\/\/cipte.co\/vrdaycol\/inscripciones\/","title":{"rendered":"Inscripciones"},"content":{"rendered":"\t\t<div data-elementor-type=\"wp-page\" data-elementor-id=\"11\" class=\"elementor elementor-11\" data-elementor-post-type=\"page\">\n\t\t\t\t\t\t<section class=\"elementor-section elementor-top-section elementor-element elementor-element-655fe182 elementor-section-boxed elementor-section-height-default elementor-section-height-default\" data-id=\"655fe182\" data-element_type=\"section\">\n\t\t\t\t\t\t<div class=\"elementor-container elementor-column-gap-default\">\n\t\t\t\t\t<div class=\"elementor-column elementor-col-100 elementor-top-column elementor-element elementor-element-428fdad4\" data-id=\"428fdad4\" data-element_type=\"column\">\n\t\t\t<div class=\"elementor-widget-wrap elementor-element-populated\">\n\t\t\t\t\t\t<div class=\"elementor-element elementor-element-44efbad8 elementor-widget elementor-widget-text-editor\" data-id=\"44efbad8\" data-element_type=\"widget\" data-widget_type=\"text-editor.default\">\n\t\t\t\t<div class=\"elementor-widget-container\">\n\t\t\t\t\t\t\t<p>*Estimado p\u00fablico, si usted est\u00e1 interesado en asistir al evento, deber\u00e1 inscribirse a trav\u00e9s del siguiente formulario, sin excepci\u00f3n. Recuerde que nuestro evento es gratuito y se desarrollar\u00e1 de manera presencial y virtual, pero la inscripci\u00f3n es necesaria para confirmar la modalidad de su asistencia (presencial o virtual) y para recibir informaci\u00f3n adicional sobre el evento. Si se inscribe para participar virtualmente, los enlaces de acceso se enviar\u00e1n posteriormente al correo registrado en el formulario. Asimismo, toda persona registrada y que se evidencie su asistencia, ya se presencial o en alguna de las videoconferencias podr\u00e1 recibir su certificado digital como asistente del evento. En este sentido, es importante que utilice los mismos datos aqu\u00ed registrados, si ingresa de manera virtual.<\/p>\n<p>Inscr\u00edbase aqu\u00ed:<\/p>\n<p><!-- \/wp:paragraph --><\/p>\t\t\t\t\t\t<\/div>\n\t\t\t\t<\/div>\n\t\t\t\t\t<\/div>\n\t\t<\/div>\n\t\t\t\t\t<\/div>\n\t\t<\/section>\n\t\t\t\t<section class=\"elementor-section elementor-top-section elementor-element elementor-element-8a18140 elementor-section-boxed elementor-section-height-default elementor-section-height-default\" data-id=\"8a18140\" data-element_type=\"section\">\n\t\t\t\t\t\t<div class=\"elementor-container elementor-column-gap-default\">\n\t\t\t\t\t<div class=\"elementor-column elementor-col-100 elementor-top-column elementor-element elementor-element-52813fd\" data-id=\"52813fd\" data-element_type=\"column\">\n\t\t\t<div class=\"elementor-widget-wrap elementor-element-populated\">\n\t\t\t\t\t\t<div class=\"elementor-element elementor-element-9ef823e elementor-widget__width-inherit elementor-widget elementor-widget-html\" data-id=\"9ef823e\" data-element_type=\"widget\" data-widget_type=\"html.default\">\n\t\t\t\t<div class=\"elementor-widget-container\">\n\t\t\t<iframe src=\"https:\/\/docs.google.com\/forms\/d\/e\/1FAIpQLScJShr2RbssVw4lXsvLdCalaaLB7J-VmMhZh8MItLcY_UF5pg\/viewform?embedded=true\" width=\"100%\" height=\"3100\" frameborder=\"0\" marginheight=\"0\" marginwidth=\"0\">Loading\u2026<\/iframe>\t\t<\/div>\n\t\t\t\t<\/div>\n\t\t\t\t\t<\/div>\n\t\t<\/div>\n\t\t\t\t\t<\/div>\n\t\t<\/section>\n\t\t\t\t<\/div>\n\t\t","protected":false},"excerpt":{"rendered":"<p> [&hellip;]<\/p>\n","protected":false},"author":1,"featured_media":0,"parent":0,"menu_order":0,"comment_status":"closed","ping_status":"closed","template":"","meta":{"footnotes":""},"class_list":["post-11","page","type-page","status-publish","hentry"],"_links":{"self":[{"href":"https:\/\/cipte.co\/vrdaycol\/wp-json\/wp\/v2\/pages\/11","targetHints":{"allow":["GET"]}}],"collection":[{"href":"https:\/\/cipte.co\/vrdaycol\/wp-json\/wp\/v2\/pages"}],"about":[{"href":"https:\/\/cipte.co\/vrdaycol\/wp-json\/wp\/v2\/types\/page"}],"author":[{"embeddable":true,"href":"https:\/\/cipte.co\/vrdaycol\/wp-json\/wp\/v2\/users\/1"}],"replies":[{"embeddable":true,"href":"https:\/\/cipte.co\/vrdaycol\/wp-json\/wp\/v2\/comments?post=11"}],"version-history":[{"count":62,"href":"https:\/\/cipte.co\/vrdaycol\/wp-json\/wp\/v2\/pages\/11\/revisions"}],"predecessor-version":[{"id":2117,"href":"https:\/\/cipte.co\/vrdaycol\/wp-json\/wp\/v2\/pages\/11\/revisions\/2117"}],"wp:attachment":[{"href":"https:\/\/cipte.co\/vrdaycol\/wp-json\/wp\/v2\/media?parent=11"}],"curies":[{"name":"wp","href":"https:\/\/api.w.org\/{rel}","templated":true}]}}