{"id":19,"date":"2023-09-11T15:01:52","date_gmt":"2023-09-11T15:01:52","guid":{"rendered":"https:\/\/cipte.co\/vrdaycol\/?page_id=19"},"modified":"2025-08-06T11:26:39","modified_gmt":"2025-08-06T11:26:39","slug":"contacto","status":"publish","type":"page","link":"https:\/\/cipte.co\/vrdaycol\/contacto\/","title":{"rendered":"Contacto"},"content":{"rendered":"\t\t<div data-elementor-type=\"wp-page\" data-elementor-id=\"19\" class=\"elementor elementor-19\" data-elementor-post-type=\"page\">\n\t\t\t\t\t\t<section class=\"elementor-section elementor-top-section elementor-element elementor-element-6b521bc elementor-section-boxed elementor-section-height-default elementor-section-height-default\" data-id=\"6b521bc\" data-element_type=\"section\">\n\t\t\t\t\t\t<div class=\"elementor-container elementor-column-gap-default\">\n\t\t\t\t\t<div class=\"elementor-column elementor-col-100 elementor-top-column elementor-element elementor-element-18a080a\" data-id=\"18a080a\" data-element_type=\"column\">\n\t\t\t<div class=\"elementor-widget-wrap elementor-element-populated\">\n\t\t\t\t\t\t<div class=\"elementor-element elementor-element-e33135a elementor-widget elementor-widget-text-editor\" data-id=\"e33135a\" data-element_type=\"widget\" data-widget_type=\"text-editor.default\">\n\t\t\t\t<div class=\"elementor-widget-container\">\n\t\t\t\t\t\t\t<p>Para obtener m\u00e1s informaci\u00f3n o resolver inquietudes sobre la participaci\u00f3n en el evento, no dude en ponerse en contacto con nosotros a trav\u00e9s del correo electr\u00f3nico: <a href=\"mailto:vrdaycolombia@gmail.com\" target=\"_blank\" rel=\"noopener noreferrer\">vrdaycolombia@gmail.com<\/a><\/p>\n<p>Equipo Organizador del VR Day 2024:<\/p>\n<ul>\n<li>Fundaci\u00f3n Universitaria Konrad Lorenz<\/li>\n<li>Universidad de La Salle<\/li>\n<li>Demiurgo<\/li>\n<li>ONG Tan grande y jugando<\/li>\n<\/ul>\t\t\t\t\t\t<\/div>\n\t\t\t\t<\/div>\n\t\t\t\t\t<\/div>\n\t\t<\/div>\n\t\t\t\t\t<\/div>\n\t\t<\/section>\n\t\t\t\t<\/div>\n\t\t","protected":false},"excerpt":{"rendered":"<p> [&hellip;]<\/p>\n","protected":false},"author":1,"featured_media":0,"parent":0,"menu_order":0,"comment_status":"closed","ping_status":"closed","template":"","meta":{"footnotes":""},"class_list":["post-19","page","type-page","status-publish","hentry"],"_links":{"self":[{"href":"https:\/\/cipte.co\/vrdaycol\/wp-json\/wp\/v2\/pages\/19","targetHints":{"allow":["GET"]}}],"collection":[{"href":"https:\/\/cipte.co\/vrdaycol\/wp-json\/wp\/v2\/pages"}],"about":[{"href":"https:\/\/cipte.co\/vrdaycol\/wp-json\/wp\/v2\/types\/page"}],"author":[{"embeddable":true,"href":"https:\/\/cipte.co\/vrdaycol\/wp-json\/wp\/v2\/users\/1"}],"replies":[{"embeddable":true,"href":"https:\/\/cipte.co\/vrdaycol\/wp-json\/wp\/v2\/comments?post=19"}],"version-history":[{"count":19,"href":"https:\/\/cipte.co\/vrdaycol\/wp-json\/wp\/v2\/pages\/19\/revisions"}],"predecessor-version":[{"id":1865,"href":"https:\/\/cipte.co\/vrdaycol\/wp-json\/wp\/v2\/pages\/19\/revisions\/1865"}],"wp:attachment":[{"href":"https:\/\/cipte.co\/vrdaycol\/wp-json\/wp\/v2\/media?parent=19"}],"curies":[{"name":"wp","href":"https:\/\/api.w.org\/{rel}","templated":true}]}}