{"id":9,"date":"2023-09-11T14:58:12","date_gmt":"2023-09-11T14:58:12","guid":{"rendered":"https:\/\/cipte.co\/vrdaycol\/?page_id=9"},"modified":"2025-10-23T13:59:18","modified_gmt":"2025-10-23T13:59:18","slug":"game-jam","status":"publish","type":"page","link":"https:\/\/cipte.co\/vrdaycol\/game-jam\/","title":{"rendered":"Game jam"},"content":{"rendered":"\t\t<div data-elementor-type=\"wp-page\" data-elementor-id=\"9\" class=\"elementor elementor-9\" data-elementor-post-type=\"page\">\n\t\t\t\t\t\t<section class=\"elementor-section elementor-top-section elementor-element elementor-element-c8bb371 elementor-section-boxed elementor-section-height-default elementor-section-height-default\" data-id=\"c8bb371\" data-element_type=\"section\">\n\t\t\t\t\t\t<div class=\"elementor-container elementor-column-gap-default\">\n\t\t\t\t\t<div class=\"elementor-column elementor-col-100 elementor-top-column elementor-element elementor-element-e521fb0\" data-id=\"e521fb0\" data-element_type=\"column\">\n\t\t\t<div class=\"elementor-widget-wrap elementor-element-populated\">\n\t\t\t\t\t\t<div class=\"elementor-element elementor-element-92467d0 elementor-widget elementor-widget-text-editor\" data-id=\"92467d0\" data-element_type=\"widget\" data-widget_type=\"text-editor.default\">\n\t\t\t\t<div class=\"elementor-widget-container\">\n\t\t\t\t\t\t\t<p>El Game Jam es una actividad que hace parte de la organizaci\u00f3n del VR Day que se desarrollar\u00e1 del\u00a0<strong>10 al 14 de noviembre de 2025<\/strong>, previo al d\u00eda que se celebra el VR Day 2025. La convocatoria est\u00e1 dirigida a estudiantes o egresados de programas como Ingenier\u00eda Multimedia, Ingenier\u00eda de Sistemas, Ingenier\u00eda de Software, Producci\u00f3n Multimedia, dise\u00f1o Hipermedia, Animaci\u00f3n 3D o carreras afines.<\/p><p>El Game Jam 2025 es la cuarta edici\u00f3n de un hackat\u00f3n competitivo Latinoamericano sobre el desarrollo de videojuegos en Realidad Virtual. Este a\u00f1o, a nivel de Colombia, se desarrollar\u00e1 de forma\u00a0<strong>h\u00edbrida en la Fundaci\u00f3n Universitaria Los Libertadores<\/strong>\u00a0(Cra 16 #63a-68 Bogot\u00e1).<\/p><p>No es requisito tener conocimiento o experiencia en el desarrollo de aplicaciones de realidad virtual, simplemente ganas por aprender y querer ser parte de una gran comunidad.<\/p>\t\t\t\t\t\t<\/div>\n\t\t\t\t<\/div>\n\t\t\t\t\t<\/div>\n\t\t<\/div>\n\t\t\t\t\t<\/div>\n\t\t<\/section>\n\t\t\t\t<section class=\"elementor-section elementor-top-section elementor-element elementor-element-d5e5c9d elementor-section-boxed elementor-section-height-default elementor-section-height-default\" data-id=\"d5e5c9d\" data-element_type=\"section\">\n\t\t\t\t\t\t<div class=\"elementor-container elementor-column-gap-default\">\n\t\t\t\t\t<div class=\"elementor-column elementor-col-100 elementor-top-column elementor-element elementor-element-82b5a59\" data-id=\"82b5a59\" data-element_type=\"column\">\n\t\t\t<div class=\"elementor-widget-wrap elementor-element-populated\">\n\t\t\t\t\t\t<div class=\"elementor-element elementor-element-acf1b0a elementor-widget elementor-widget-heading\" data-id=\"acf1b0a\" data-element_type=\"widget\" data-widget_type=\"heading.default\">\n\t\t\t\t<div class=\"elementor-widget-container\">\n\t\t\t<h2 class=\"elementor-heading-title elementor-size-default\">\u00bfQu\u00e9 es un Game Jam?<\/h2>\t\t<\/div>\n\t\t\t\t<\/div>\n\t\t\t\t<div class=\"elementor-element elementor-element-e6e8a4d elementor-widget elementor-widget-text-editor\" data-id=\"e6e8a4d\" data-element_type=\"widget\" data-widget_type=\"text-editor.default\">\n\t\t\t\t<div class=\"elementor-widget-container\">\n\t\t\t\t\t\t\t<p>En un Game Jam se participa en un proyecto de desarrollo de videojuegos y su intenci\u00f3n es reunir a personas interesadas por la programaci\u00f3n y\/o creaci\u00f3n de productos software. Durante un per\u00edodo de tiempo limitado, los participantes trabajan en equipos para dise\u00f1ar y desarrollar un videojuego, y en esta ocasi\u00f3n ser\u00e1 utilizando tecnolog\u00eda de realidad virtual. En este periodo, los participantes se concentran en lograr producir el videojuego como respuesta a una tem\u00e1tica o un reto. Es una oportunidad para fomentar el aprendizaje en red, ya que habr\u00e1 varios participantes al mismo tiempo en diferentes pa\u00edses, como tambi\u00e9n la innovaci\u00f3n, la colaboraci\u00f3n y la creatividad en el \u00e1mbito de la programaci\u00f3n, y por ende poner en pr\u00e1ctica lo que los participantes han aprendido o pueden aprender durante el Jam.<\/p><p>En la edici\u00f3n h\u00edbrida en Colombia podr\u00e1n participar estudiantes y egresados de diferentes Universidades, con el apoyo de alg\u00fan profesor de la carrera que estudian para que los acompa\u00f1e y por si quiere brindarles orientaciones o mentor\u00eda sobre el desarrollo.<\/p><p>\u00a0<\/p>\t\t\t\t\t\t<\/div>\n\t\t\t\t<\/div>\n\t\t\t\t\t<\/div>\n\t\t<\/div>\n\t\t\t\t\t<\/div>\n\t\t<\/section>\n\t\t\t\t<section class=\"elementor-section elementor-top-section elementor-element elementor-element-1d53848 elementor-section-boxed elementor-section-height-default elementor-section-height-default\" data-id=\"1d53848\" data-element_type=\"section\">\n\t\t\t\t\t\t<div class=\"elementor-container elementor-column-gap-default\">\n\t\t\t\t\t<div class=\"elementor-column elementor-col-100 elementor-top-column elementor-element elementor-element-eab7305\" data-id=\"eab7305\" data-element_type=\"column\">\n\t\t\t<div class=\"elementor-widget-wrap elementor-element-populated\">\n\t\t\t\t\t\t<div class=\"elementor-element elementor-element-76fec10 elementor-widget elementor-widget-heading\" data-id=\"76fec10\" data-element_type=\"widget\" data-widget_type=\"heading.default\">\n\t\t\t\t<div class=\"elementor-widget-container\">\n\t\t\t<h2 class=\"elementor-heading-title elementor-size-default\">Requisitos:<\/h2>\t\t<\/div>\n\t\t\t\t<\/div>\n\t\t\t\t<div class=\"elementor-element elementor-element-979e801 elementor-widget elementor-widget-text-editor\" data-id=\"979e801\" data-element_type=\"widget\" data-widget_type=\"text-editor.default\">\n\t\t\t\t<div class=\"elementor-widget-container\">\n\t\t\t\t\t\t\t<ul><li>Pueden participar estudiantes que tengan muchas ganas y \u00e1nimo por aprender y crear comunidad, con relaci\u00f3n al desarrollo de videojuegos.<\/li><li>Los equipos son libres de usar el software que tengan a su disposici\u00f3n para desarrollar aplicaciones de realidad virtual.<\/li><li>No es requisito tener conocimiento o experiencia en el desarrollo de aplicaciones de realidad virtual.<\/li><li><strong>M\u00ednimo 3 participantes, m\u00e1ximo 5 participantes por equipo.<\/strong><\/li><li>Los participantes deber\u00e1n asignar un nombre al grupo.<\/li><li>Cada participante puede traer su computador port\u00e1til para participar (se dispondr\u00e1 de 40 equipos en salas de c\u00f3mputo).<\/li><li>Se permite el uso de IA generativa para la construcci\u00f3n de Assets que componen la experiencia.<\/li><\/ul>\t\t\t\t\t\t<\/div>\n\t\t\t\t<\/div>\n\t\t\t\t\t<\/div>\n\t\t<\/div>\n\t\t\t\t\t<\/div>\n\t\t<\/section>\n\t\t\t\t<section class=\"elementor-section elementor-top-section elementor-element elementor-element-7698c4c elementor-section-boxed elementor-section-height-default elementor-section-height-default\" data-id=\"7698c4c\" data-element_type=\"section\">\n\t\t\t\t\t\t<div class=\"elementor-container elementor-column-gap-default\">\n\t\t\t\t\t<div class=\"elementor-column elementor-col-100 elementor-top-column elementor-element elementor-element-4731cf9\" data-id=\"4731cf9\" data-element_type=\"column\">\n\t\t\t<div class=\"elementor-widget-wrap elementor-element-populated\">\n\t\t\t\t\t\t<div class=\"elementor-element elementor-element-6b331ab elementor-widget elementor-widget-heading\" data-id=\"6b331ab\" data-element_type=\"widget\" data-widget_type=\"heading.default\">\n\t\t\t\t<div class=\"elementor-widget-container\">\n\t\t\t<h2 class=\"elementor-heading-title elementor-size-default\">Informaci\u00f3n general del Game Jam:<\/h2>\t\t<\/div>\n\t\t\t\t<\/div>\n\t\t\t\t<div class=\"elementor-element elementor-element-cdd36fc elementor-widget elementor-widget-text-editor\" data-id=\"cdd36fc\" data-element_type=\"widget\" data-widget_type=\"text-editor.default\">\n\t\t\t\t<div class=\"elementor-widget-container\">\n\t\t\t\t\t\t\t<p><span style=\"color: #008080;\"><strong>Inscripci\u00f3n: <\/strong><\/span>La inscripci\u00f3n se realizar\u00e1 a nivel de equipos (no individualmente). Se recomienda asignar a uno de los integrantes para el diligenciamiento del formulario de inscripci\u00f3n. Registra tu equipo aqu\u00ed:\u00a0<a href=\"https:\/\/forms.gle\/ofXUGMYBVJcTramk6\" rel=\"nofollow noopener\">Formulario Inscripci\u00f3n al Game Jam 2025\u00a0 [Cap\u00edtulo Colombia]<\/a><\/p><p><a href=\"https:\/\/forms.gle\/ofXUGMYBVJcTramk6\" rel=\"nofollow noopener\">https:\/\/forms.gle\/ofXUGMYBVJcTramk6<\/a><\/p><p><span style=\"color: #008080;\"><strong>Fecha de Inscripciones<\/strong>: <\/span>desde 15 de octubre hasta el 07 de noviembre de 2025<\/p><p><span style=\"color: #008080;\"><strong>Fecha del Game Jam<\/strong>: <\/span>10 al 14 de noviembre de 2025 (9 am a 6 pm)<\/p><p><span style=\"color: #008080;\"><strong>Antes del Game Jam (pre Jam):<\/strong><\/span> <strong>\u00a0<\/strong>El 7 de noviembre, a los participantes se les invitar\u00e1 a asistir a una serie de charlas, de forma virtual, con expertos de Latinoam\u00e9rica, quienes explicar\u00e1n algunos fundamentos en el desarrollo de aplicaciones con software para realidad virtual.<\/p><p><span style=\"color: #008080;\"><strong>Tener en cuenta<\/strong>:<\/span> Se espera que los equipos participen en el Game Jam de manera presencial, en las instalaciones de la\u00a0<strong>Fundaci\u00f3n Universitaria Los Libertadores<\/strong>\u00a0(Cra 16 #63a-68 Bogot\u00e1). Los participantes o equipos que se inscribieron de manera virtual, deber\u00e1n asegurar las herramientas para el desarrollo del videojuego propuesto (gafas RV, equipos de c\u00f3mputo, motores de desarrollo, entre otras).<\/p><p><span style=\"color: #008080;\"><strong>Inicio<\/strong>:<\/span> Lunes, 10 de noviembre a las 9:00 am. Todos los participantes inscritos de manera presencial, deber\u00e1n asistir puntualmente el d\u00eda de la apertura.<\/p><p><span style=\"color: #008080;\"><b>Modalidad<\/b>:<\/span> H\u00edbrida (presencial o virtual).<\/p><p><span style=\"color: #008080;\"><strong>Lugar<\/strong>:<\/span> <strong>Fundaci\u00f3n Universitaria Los Libertadores<\/strong>\u00a0(Cra 16 #63a-68 Bogot\u00e1).<\/p><p><span style=\"color: #008080;\"><strong>Costo<\/strong>:<\/span> Gratis.<\/p><p><span style=\"color: #008080;\"><strong>Tem\u00e1tica del GameJam<\/strong>: <\/span>El primer d\u00eda del Gam Jam se informar\u00e1.<\/p>\t\t\t\t\t\t<\/div>\n\t\t\t\t<\/div>\n\t\t\t\t<div class=\"elementor-element elementor-element-3c210a0 elementor-widget elementor-widget-heading\" data-id=\"3c210a0\" data-element_type=\"widget\" data-widget_type=\"heading.default\">\n\t\t\t\t<div class=\"elementor-widget-container\">\n\t\t\t<h2 class=\"elementor-heading-title elementor-size-default\">\u00bfPor qu\u00e9 participar?<\/h2>\t\t<\/div>\n\t\t\t\t<\/div>\n\t\t\t\t<div class=\"elementor-element elementor-element-e1aee1e elementor-widget elementor-widget-text-editor\" data-id=\"e1aee1e\" data-element_type=\"widget\" data-widget_type=\"text-editor.default\">\n\t\t\t\t<div class=\"elementor-widget-container\">\n\t\t\t\t\t\t\t<ul><li>Fomenta la creatividad y la innovaci\u00f3n entre los programadores.<\/li><li>Brinda a los estudiantes y egresados una oportunidad pr\u00e1ctica de aplicar sus habilidades de dise\u00f1o y desarrollo.<\/li><li>Promueve la colaboraci\u00f3n entre diferentes facultades y disciplinas.<\/li><li>Los proyectos desarrollados pueden tener aplicaciones pr\u00e1cticas en campos como la simulaci\u00f3n, la educaci\u00f3n, la salud y m\u00e1s.<\/li><li>Se pueden acercar a una gran comunidad de desarrolladores de videojuegos de diferentes pa\u00edses de Latinoam\u00e9rica, lo que le permitir\u00e1 abrir puertas de relacionamiento.<\/li><\/ul>\t\t\t\t\t\t<\/div>\n\t\t\t\t<\/div>\n\t\t\t\t<div class=\"elementor-element elementor-element-efad7a0 elementor-widget elementor-widget-heading\" data-id=\"efad7a0\" data-element_type=\"widget\" data-widget_type=\"heading.default\">\n\t\t\t\t<div class=\"elementor-widget-container\">\n\t\t\t<h2 class=\"elementor-heading-title elementor-size-default\">Reglas del evento<\/h2>\t\t<\/div>\n\t\t\t\t<\/div>\n\t\t\t\t<div class=\"elementor-element elementor-element-de010e0 elementor-widget elementor-widget-text-editor\" data-id=\"de010e0\" data-element_type=\"widget\" data-widget_type=\"text-editor.default\">\n\t\t\t\t<div class=\"elementor-widget-container\">\n\t\t\t\t\t\t\t<ol><li>Los equipos son libres de usar el software que tengan a su disposici\u00f3n.<\/li><li>M\u00ednimo 3 participantes, m\u00e1ximo 5 participantes por equipo.<\/li><li>Las experiencias deben respetar la tem\u00e1tica principal del evento.<\/li><li>Se permite el uso de IA generativa para la construcci\u00f3n de Assets que componen la experiencia.<\/li><li>Las tres experiencias con mejor evaluaci\u00f3n ser\u00e1n premiadas en el VR DAY.<\/li><li>La tem\u00e1tica ser\u00e1 informada el d\u00eda del evento.<\/li><li>No se aceptar\u00e1n trabajos con avance previo al evento (la idea debe ser concebida en el marco del evento).<\/li><\/ol>\t\t\t\t\t\t<\/div>\n\t\t\t\t<\/div>\n\t\t\t\t\t<\/div>\n\t\t<\/div>\n\t\t\t\t\t<\/div>\n\t\t<\/section>\n\t\t\t\t<section class=\"elementor-section elementor-top-section elementor-element elementor-element-42d94e0 elementor-section-boxed elementor-section-height-default elementor-section-height-default\" data-id=\"42d94e0\" data-element_type=\"section\">\n\t\t\t\t\t\t<div class=\"elementor-container elementor-column-gap-default\">\n\t\t\t\t\t<div class=\"elementor-column elementor-col-100 elementor-top-column elementor-element elementor-element-5c0c997\" data-id=\"5c0c997\" data-element_type=\"column\">\n\t\t\t<div class=\"elementor-widget-wrap elementor-element-populated\">\n\t\t\t\t\t\t<div class=\"elementor-element elementor-element-4deb08d elementor-widget elementor-widget-heading\" data-id=\"4deb08d\" data-element_type=\"widget\" data-widget_type=\"heading.default\">\n\t\t\t\t<div class=\"elementor-widget-container\">\n\t\t\t<h2 class=\"elementor-heading-title elementor-size-default\">Plataforma del evento para la comunicaci\u00f3n<\/h2>\t\t<\/div>\n\t\t\t\t<\/div>\n\t\t\t\t<div class=\"elementor-element elementor-element-005089b elementor-widget elementor-widget-text-editor\" data-id=\"005089b\" data-element_type=\"widget\" data-widget_type=\"text-editor.default\">\n\t\t\t\t<div class=\"elementor-widget-container\">\n\t\t\t\t\t\t\t<p>Durante los d\u00edas del Game Jam, los participantes podr\u00e1n utilizar herramientas como Teams, Zoom y Discord para poder acceder a mentor\u00edas, resolver preguntas y recibir el apoyo de parte del equipo de mentores establecido para el Game Jam.<\/p><p>Esta plataforma ser\u00e1 la base para poder hacer parte de una gran comunidad y as\u00ed tambi\u00e9n para lograr una red de aprendizaje sobre el desarrollo de videojuegos.<\/p><p>Al finalizar el Game Jam, los proyectos ser\u00e1n presentados donde los organizadores les indiquen.<\/p>\t\t\t\t\t\t<\/div>\n\t\t\t\t<\/div>\n\t\t\t\t<div class=\"elementor-element elementor-element-f9bbf97 elementor-widget elementor-widget-heading\" data-id=\"f9bbf97\" data-element_type=\"widget\" data-widget_type=\"heading.default\">\n\t\t\t\t<div class=\"elementor-widget-container\">\n\t\t\t<h2 class=\"elementor-heading-title elementor-size-default\">Evaluaci\u00f3n de los proyectos propuestos<\/h2>\t\t<\/div>\n\t\t\t\t<\/div>\n\t\t\t\t<div class=\"elementor-element elementor-element-c28a976 elementor-widget elementor-widget-text-editor\" data-id=\"c28a976\" data-element_type=\"widget\" data-widget_type=\"text-editor.default\">\n\t\t\t\t<div class=\"elementor-widget-container\">\n\t\t\t\t\t\t\t<p>La evaluaci\u00f3n de los proyectos postulados la realizar\u00e1 un tribunal de expertos seleccionado por los organizadores del VR Day. El tribunal evaluar\u00e1 los objetivos de la propuesta en funci\u00f3n de la originalidad, narrativa comprensible y la jugabilidad. Se tendr\u00e1 en consideraci\u00f3n las siguientes reglas para la etapa clasificatoria:<\/p><ul><li><span style=\"color: #008080;\"><strong><span style=\"text-decoration: underline;\">Arte del juego:<\/span><\/strong> <\/span>Debe respetar los est\u00e1ndares a nivel visual, puede elegir una l\u00ednea gr\u00e1fica seg\u00fan sus posibilidades pero deber\u00e1 plasmarlo a nivel global.<\/li><li><span style=\"color: #008080;\"><strong><span style=\"text-decoration: underline;\">Mec\u00e1nicas y Gameplay<\/span>:<\/strong><\/span> Es importante que el videojuego sea intuitivo, con reglas claras, con una secuencia.<\/li><li><span style=\"color: #008080;\"><strong><span style=\"text-decoration: underline;\">Tem\u00e1tica &#8211; narrativa<\/span>:<\/strong><\/span> la tem\u00e1tica de la propuesta debe ir guiada por una narrativa comprensible.<\/li><li><span style=\"color: #008080;\"><strong><span style=\"text-decoration: underline;\">Ideas Originales<\/span>:<\/strong><\/span> No se aceptar\u00e1n trabajos con avance previo al evento, ni propiedad intelectual de videojuegos populares.<\/li><li><span style=\"color: #008080;\"><span style=\"text-decoration: underline;\"><b>Documentaci\u00f3n<\/b><\/span>:<\/span> Documento con el historial de todos los elementos que se utilizan dentro de la propuesta y las licencias utilizadas.<\/li><\/ul>\t\t\t\t\t\t<\/div>\n\t\t\t\t<\/div>\n\t\t\t\t<div class=\"elementor-element elementor-element-0238c87 elementor-widget elementor-widget-heading\" data-id=\"0238c87\" data-element_type=\"widget\" data-widget_type=\"heading.default\">\n\t\t\t\t<div class=\"elementor-widget-container\">\n\t\t\t<h2 class=\"elementor-heading-title elementor-size-default\">Resultados y Premiaci\u00f3n<\/h2>\t\t<\/div>\n\t\t\t\t<\/div>\n\t\t\t\t<div class=\"elementor-element elementor-element-5d1c94b elementor-widget elementor-widget-text-editor\" data-id=\"5d1c94b\" data-element_type=\"widget\" data-widget_type=\"text-editor.default\">\n\t\t\t\t<div class=\"elementor-widget-container\">\n\t\t\t\t\t\t\t<p>Los Game Jam son espacios para fomentar la interacci\u00f3n, creatividad, intercambio de ideas, networking y compartir un tiempo (m\u00e1s o menos una semana) con personas apasionadas en el desarrollo de videojuegos. Sin embargo, para reconocer el esfuerzo y dar visibilidad a los resultados, se seleccionar\u00e1n:<\/p><ul><li>Se reconocer\u00e1n a los 3 mejores videojuegos del\u00a0 (1ero, 2do y 3er lugar)..<\/li><\/ul><p>Los proyectos se presentar\u00e1n posteriormente al finalizar el GameJam.<\/p><p>Los reconocimientos ser\u00e1n notificados en el marco del evento de clausura del Virtual Reality Day Latam el 22 de noviembre del 2025.<\/p><p>Los reconocimientos que se otorgar\u00e1n son:<\/p><ul><li>Aportaciones por parte de auspiciantes para el reconocimiento de las propuestas seleccionadas.<\/li><li>Certificados de participaci\u00f3n para todos los equipos.<\/li><\/ul><p>Si tiene alguna pregunta no dude en comunic\u00e1rnosla a trav\u00e9s de\u00a0<a href=\"mailto:vrdaycolombia@gmail.com\">vrdaycolombia@gmail.com<\/a>.<\/p><p>Directores de programas de ingenier\u00edas de sistemas, multimedia, de software, de producci\u00f3n multimedia, de animaci\u00f3n 3D y afines, los invitamos a animar a sus estudiantes y egresados para participar en este emocionante evento. La experiencia de un Game Jam puede ser valiosa para su formaci\u00f3n acad\u00e9mica y profesional, y es una oportunidad \u00fanica para demostrar sus habilidades y su creatividad, as\u00ed como para abrir puertas en este campo con expertos.<\/p><p>Esperamos contar con la participaci\u00f3n activa de los estudiantes o egresados de su programa o facultad en este Game Jam y estamos seguros de que juntos podremos hacer de este evento una experiencia inolvidable.<\/p><p>Cordialmente,<\/p><p><span style=\"color: #993366;\"><strong>Equipo Organizador del Vr Day:<\/strong><\/span><\/p><ul><li>Fundaci\u00f3n Universitaria Los Libertadores<\/li><li>Universidad Colegio Mayor de Cundinamarca<\/li><li>Universidad Nacional Abierta y A Distancia<\/li><li>Universidad de La Salle.<\/li><li>Fundaci\u00f3n Universitaria Konrad Lorenz.<\/li><li>XRCOL<\/li><li>Demiurgo.<\/li><\/ul>\t\t\t\t\t\t<\/div>\n\t\t\t\t<\/div>\n\t\t\t\t\t<\/div>\n\t\t<\/div>\n\t\t\t\t\t<\/div>\n\t\t<\/section>\n\t\t\t\t<\/div>\n\t\t","protected":false},"excerpt":{"rendered":"<p> [&hellip;]<\/p>\n","protected":false},"author":1,"featured_media":0,"parent":0,"menu_order":0,"comment_status":"closed","ping_status":"closed","template":"","meta":{"footnotes":""},"class_list":["post-9","page","type-page","status-publish","hentry"],"_links":{"self":[{"href":"https:\/\/cipte.co\/vrdaycol\/wp-json\/wp\/v2\/pages\/9","targetHints":{"allow":["GET"]}}],"collection":[{"href":"https:\/\/cipte.co\/vrdaycol\/wp-json\/wp\/v2\/pages"}],"about":[{"href":"https:\/\/cipte.co\/vrdaycol\/wp-json\/wp\/v2\/types\/page"}],"author":[{"embeddable":true,"href":"https:\/\/cipte.co\/vrdaycol\/wp-json\/wp\/v2\/users\/1"}],"replies":[{"embeddable":true,"href":"https:\/\/cipte.co\/vrdaycol\/wp-json\/wp\/v2\/comments?post=9"}],"version-history":[{"count":118,"href":"https:\/\/cipte.co\/vrdaycol\/wp-json\/wp\/v2\/pages\/9\/revisions"}],"predecessor-version":[{"id":2244,"href":"https:\/\/cipte.co\/vrdaycol\/wp-json\/wp\/v2\/pages\/9\/revisions\/2244"}],"wp:attachment":[{"href":"https:\/\/cipte.co\/vrdaycol\/wp-json\/wp\/v2\/media?parent=9"}],"curies":[{"name":"wp","href":"https:\/\/api.w.org\/{rel}","templated":true}]}}